{"id":346,"date":"2015-01-11T23:29:51","date_gmt":"2015-01-11T23:29:51","guid":{"rendered":"http:\/\/ensa.esy.es\/?page_id=346"},"modified":"2022-02-02T22:39:12","modified_gmt":"2022-02-02T22:39:12","slug":"crisoles-para-metales-blandos","status":"publish","type":"page","link":"https:\/\/ensa.com.mx\/?page_id=346","title":{"rendered":"Crisoles para metales blandos"},"content":{"rendered":"\t\t<div data-elementor-type=\"wp-page\" data-elementor-id=\"346\" class=\"elementor elementor-346\" data-elementor-settings=\"[]\">\n\t\t\t\t\t\t<div class=\"elementor-inner\">\n\t\t\t\t\t\t\t<div class=\"elementor-section-wrap\">\n\t\t\t\t\t\t\t<section class=\"elementor-section elementor-top-section elementor-element elementor-element-546b8d1a elementor-section-boxed elementor-section-height-default elementor-section-height-default\" data-id=\"546b8d1a\" data-element_type=\"section\">\n\t\t\t\t\t\t<div class=\"elementor-container elementor-column-gap-default\">\n\t\t\t\t\t\t\t<div class=\"elementor-row\">\n\t\t\t\t\t<div class=\"elementor-column elementor-col-33 elementor-top-column elementor-element elementor-element-1c1ee484\" data-id=\"1c1ee484\" data-element_type=\"column\">\n\t\t\t<div class=\"elementor-column-wrap elementor-element-populated\">\n\t\t\t\t\t\t\t<div class=\"elementor-widget-wrap\">\n\t\t\t\t\t\t<div class=\"elementor-element elementor-element-501e858 elementor-widget elementor-widget-spacer\" data-id=\"501e858\" data-element_type=\"widget\" data-widget_type=\"spacer.default\">\n\t\t\t\t<div class=\"elementor-widget-container\">\n\t\t\t\t\t<div class=\"elementor-spacer\">\n\t\t\t<div class=\"elementor-spacer-inner\"><\/div>\n\t\t<\/div>\n\t\t\t\t<\/div>\n\t\t\t\t<\/div>\n\t\t\t\t<div class=\"elementor-element elementor-element-ce71fe elementor-arrows-position-inside elementor-pagination-position-outside elementor-widget elementor-widget-image-carousel\" data-id=\"ce71fe\" data-element_type=\"widget\" data-settings=\"{&quot;slides_to_show&quot;:&quot;1&quot;,&quot;navigation&quot;:&quot;both&quot;,&quot;autoplay&quot;:&quot;yes&quot;,&quot;pause_on_hover&quot;:&quot;yes&quot;,&quot;pause_on_interaction&quot;:&quot;yes&quot;,&quot;autoplay_speed&quot;:5000,&quot;infinite&quot;:&quot;yes&quot;,&quot;effect&quot;:&quot;slide&quot;,&quot;speed&quot;:500}\" data-widget_type=\"image-carousel.default\">\n\t\t\t\t<div class=\"elementor-widget-container\">\n\t\t\t\t\t<div class=\"elementor-image-carousel-wrapper swiper-container\" dir=\"ltr\">\n\t\t\t<div class=\"elementor-image-carousel swiper-wrapper\">\n\t\t\t\t<div class=\"swiper-slide\"><a data-elementor-open-lightbox=\"yes\" data-elementor-lightbox-slideshow=\"ce71fe\" data-elementor-lightbox-title=\"Bancos\" href=\"https:\/\/ensa.com.mx\/wp-content\/uploads\/2020\/10\/Bancos.jpeg\"><figure class=\"swiper-slide-inner\"><img class=\"swiper-slide-image\" src=\"https:\/\/ensa.com.mx\/wp-content\/uploads\/2020\/10\/Bancos.jpeg\" alt=\"Bancos\" \/><figcaption class=\"elementor-image-carousel-caption\">Bancos<\/figcaption><\/figure><\/a><\/div><div class=\"swiper-slide\"><a data-elementor-open-lightbox=\"yes\" data-elementor-lightbox-slideshow=\"ce71fe\" data-elementor-lightbox-title=\"Bandas\" href=\"https:\/\/ensa.com.mx\/wp-content\/uploads\/2020\/10\/Bandas.jpeg\"><figure class=\"swiper-slide-inner\"><img class=\"swiper-slide-image\" src=\"https:\/\/ensa.com.mx\/wp-content\/uploads\/2020\/10\/Bandas.jpeg\" alt=\"Bandas\" \/><figcaption class=\"elementor-image-carousel-caption\">Bandas<\/figcaption><\/figure><\/a><\/div><div class=\"swiper-slide\"><a data-elementor-open-lightbox=\"yes\" data-elementor-lightbox-slideshow=\"ce71fe\" data-elementor-lightbox-title=\"Calor el\u00e9ctrico\" href=\"https:\/\/ensa.com.mx\/wp-content\/uploads\/2020\/10\/Varios.jpeg\"><figure class=\"swiper-slide-inner\"><img class=\"swiper-slide-image\" src=\"https:\/\/ensa.com.mx\/wp-content\/uploads\/2020\/10\/Varios.jpeg\" alt=\"Calor el\u00e9ctrico\" \/><figcaption class=\"elementor-image-carousel-caption\">Calor el\u00e9ctrico<\/figcaption><\/figure><\/a><\/div><div class=\"swiper-slide\"><a data-elementor-open-lightbox=\"yes\" data-elementor-lightbox-slideshow=\"ce71fe\" data-elementor-lightbox-title=\"Unidades\" href=\"https:\/\/ensa.com.mx\/wp-content\/uploads\/2020\/10\/Unidades.jpeg\"><figure class=\"swiper-slide-inner\"><img class=\"swiper-slide-image\" src=\"https:\/\/ensa.com.mx\/wp-content\/uploads\/2020\/10\/Unidades.jpeg\" alt=\"Unidades\" \/><figcaption class=\"elementor-image-carousel-caption\">Unidades<\/figcaption><\/figure><\/a><\/div><div class=\"swiper-slide\"><a data-elementor-open-lightbox=\"yes\" data-elementor-lightbox-slideshow=\"ce71fe\" data-elementor-lightbox-title=\"Traza\" href=\"https:\/\/ensa.com.mx\/wp-content\/uploads\/2020\/10\/Traza.jpeg\"><figure class=\"swiper-slide-inner\"><img class=\"swiper-slide-image\" src=\"https:\/\/ensa.com.mx\/wp-content\/uploads\/2020\/10\/Traza.jpeg\" alt=\"Traza\" \/><figcaption class=\"elementor-image-carousel-caption\">Traza<\/figcaption><\/figure><\/a><\/div><div class=\"swiper-slide\"><a data-elementor-open-lightbox=\"yes\" data-elementor-lightbox-slideshow=\"ce71fe\" data-elementor-lightbox-title=\"Transductores\" href=\"https:\/\/ensa.com.mx\/wp-content\/uploads\/2020\/10\/Transductores.jpeg\"><figure class=\"swiper-slide-inner\"><img class=\"swiper-slide-image\" src=\"https:\/\/ensa.com.mx\/wp-content\/uploads\/2020\/10\/Transductores.jpeg\" alt=\"Transductores\" \/><figcaption class=\"elementor-image-carousel-caption\">Transductores<\/figcaption><\/figure><\/a><\/div><div class=\"swiper-slide\"><a data-elementor-open-lightbox=\"yes\" data-elementor-lightbox-slideshow=\"ce71fe\" data-elementor-lightbox-title=\"Precalentadores\" href=\"https:\/\/ensa.com.mx\/wp-content\/uploads\/2020\/10\/Precalentadores.jpeg\"><figure class=\"swiper-slide-inner\"><img class=\"swiper-slide-image\" src=\"https:\/\/ensa.com.mx\/wp-content\/uploads\/2020\/10\/Precalentadores.jpeg\" alt=\"Precalentadores\" \/><figcaption class=\"elementor-image-carousel-caption\">Precalentadores<\/figcaption><\/figure><\/a><\/div><div class=\"swiper-slide\"><a data-elementor-open-lightbox=\"yes\" data-elementor-lightbox-slideshow=\"ce71fe\" data-elementor-lightbox-title=\"M\u00f3dulos\" href=\"https:\/\/ensa.com.mx\/wp-content\/uploads\/2020\/10\/Modulos.jpeg\"><figure class=\"swiper-slide-inner\"><img class=\"swiper-slide-image\" src=\"https:\/\/ensa.com.mx\/wp-content\/uploads\/2020\/10\/Modulos.jpeg\" alt=\"M\u00f3dulos\" \/><figcaption class=\"elementor-image-carousel-caption\">M\u00f3dulos<\/figcaption><\/figure><\/a><\/div><div class=\"swiper-slide\"><a data-elementor-open-lightbox=\"yes\" data-elementor-lightbox-slideshow=\"ce71fe\" data-elementor-lightbox-title=\"L\u00e1mparas\" href=\"https:\/\/ensa.com.mx\/wp-content\/uploads\/2020\/10\/Lamparas.jpeg\"><figure class=\"swiper-slide-inner\"><img class=\"swiper-slide-image\" src=\"https:\/\/ensa.com.mx\/wp-content\/uploads\/2020\/10\/Lamparas.jpeg\" alt=\"L\u00e1mparas\" \/><figcaption class=\"elementor-image-carousel-caption\">L\u00e1mparas<\/figcaption><\/figure><\/a><\/div><div class=\"swiper-slide\"><a data-elementor-open-lightbox=\"yes\" data-elementor-lightbox-slideshow=\"ce71fe\" data-elementor-lightbox-title=\"Hornos\" href=\"https:\/\/ensa.com.mx\/wp-content\/uploads\/2020\/10\/Hornos.jpeg\"><figure class=\"swiper-slide-inner\"><img class=\"swiper-slide-image\" src=\"https:\/\/ensa.com.mx\/wp-content\/uploads\/2020\/10\/Hornos.jpeg\" alt=\"Hornos\" \/><figcaption class=\"elementor-image-carousel-caption\">Hornos<\/figcaption><\/figure><\/a><\/div><div class=\"swiper-slide\"><a data-elementor-open-lightbox=\"yes\" data-elementor-lightbox-slideshow=\"ce71fe\" data-elementor-lightbox-title=\"Galels\" href=\"https:\/\/ensa.com.mx\/wp-content\/uploads\/2020\/10\/Galels.jpeg\"><figure class=\"swiper-slide-inner\"><img class=\"swiper-slide-image\" src=\"https:\/\/ensa.com.mx\/wp-content\/uploads\/2020\/10\/Galels.jpeg\" alt=\"Galels\" \/><figcaption class=\"elementor-image-carousel-caption\">Galels<\/figcaption><\/figure><\/a><\/div><div class=\"swiper-slide\"><a data-elementor-open-lightbox=\"yes\" data-elementor-lightbox-slideshow=\"ce71fe\" data-elementor-lightbox-title=\"Fundiciones\" href=\"https:\/\/ensa.com.mx\/wp-content\/uploads\/2020\/10\/Fundiciones.jpeg\"><figure class=\"swiper-slide-inner\"><img class=\"swiper-slide-image\" src=\"https:\/\/ensa.com.mx\/wp-content\/uploads\/2020\/10\/Fundiciones.jpeg\" alt=\"Fundiciones\" \/><figcaption class=\"elementor-image-carousel-caption\">Fundiciones<\/figcaption><\/figure><\/a><\/div><div class=\"swiper-slide\"><a data-elementor-open-lightbox=\"yes\" data-elementor-lightbox-slideshow=\"ce71fe\" data-elementor-lightbox-title=\"Cartuchos\" href=\"https:\/\/ensa.com.mx\/wp-content\/uploads\/2020\/10\/Cartuchos.jpeg\"><figure class=\"swiper-slide-inner\"><img class=\"swiper-slide-image\" src=\"https:\/\/ensa.com.mx\/wp-content\/uploads\/2020\/10\/Cartuchos.jpeg\" alt=\"Cartuchos\" \/><figcaption class=\"elementor-image-carousel-caption\">Cartuchos<\/figcaption><\/figure><\/a><\/div><div class=\"swiper-slide\"><a data-elementor-open-lightbox=\"yes\" data-elementor-lightbox-slideshow=\"ce71fe\" data-elementor-lightbox-title=\"Electrot\u00e9rmica Nacional\" href=\"https:\/\/ensa.com.mx\/wp-content\/uploads\/2020\/10\/Tamas.jpeg\"><figure class=\"swiper-slide-inner\"><img class=\"swiper-slide-image\" src=\"https:\/\/ensa.com.mx\/wp-content\/uploads\/2020\/10\/Tamas.jpeg\" alt=\"Electrot\u00e9rmica Nacional\" \/><figcaption class=\"elementor-image-carousel-caption\">Electrot\u00e9rmica Nacional<\/figcaption><\/figure><\/a><\/div>\t\t\t<\/div>\n\t\t\t\t\t\t\t\t\t\t\t\t<div class=\"swiper-pagination\"><\/div>\n\t\t\t\t\t\t\t\t\t\t\t\t\t<div class=\"elementor-swiper-button elementor-swiper-button-prev\">\n\t\t\t\t\t\t<i class=\"eicon-chevron-left\" aria-hidden=\"true\"><\/i>\n\t\t\t\t\t\t<span class=\"elementor-screen-only\">Anterior<\/span>\n\t\t\t\t\t<\/div>\n\t\t\t\t\t<div class=\"elementor-swiper-button elementor-swiper-button-next\">\n\t\t\t\t\t\t<i class=\"eicon-chevron-right\" aria-hidden=\"true\"><\/i>\n\t\t\t\t\t\t<span class=\"elementor-screen-only\">Siguiente<\/span>\n\t\t\t\t\t<\/div>\n\t\t\t\t\t\t\t\t\t<\/div>\n\t\t\t\t<\/div>\n\t\t\t\t<\/div>\n\t\t\t\t\t\t<\/div>\n\t\t\t\t\t<\/div>\n\t\t<\/div>\n\t\t\t\t<div class=\"elementor-column elementor-col-33 elementor-top-column elementor-element elementor-element-5a5c89a1\" data-id=\"5a5c89a1\" data-element_type=\"column\">\n\t\t\t<div class=\"elementor-column-wrap\">\n\t\t\t\t\t\t\t<div class=\"elementor-widget-wrap\">\n\t\t\t\t\t\t\t\t<\/div>\n\t\t\t\t\t<\/div>\n\t\t<\/div>\n\t\t\t\t<div class=\"elementor-column elementor-col-33 elementor-top-column elementor-element elementor-element-3a4eee44\" data-id=\"3a4eee44\" data-element_type=\"column\">\n\t\t\t<div class=\"elementor-column-wrap elementor-element-populated\">\n\t\t\t\t\t\t\t<div class=\"elementor-widget-wrap\">\n\t\t\t\t\t\t<div class=\"elementor-element elementor-element-3ab3ce7c elementor-widget elementor-widget-text-editor\" data-id=\"3ab3ce7c\" data-element_type=\"widget\" data-widget_type=\"text-editor.default\">\n\t\t\t\t<div class=\"elementor-widget-container\">\n\t\t\t\t\t\t\t\t<div class=\"elementor-text-editor elementor-clearfix\">\n\t\t\t\t\t<p><span style=\"color: #000000;\">Estos crisoles sirven para fundir metales blandos, como esta\u00f1o, plomo y sus mezclas.<\/span><\/p><p><span style=\"color: #000000;\">El recipiente puede ser placa de acero inoxidable o fierro fundido con elementos calefactores tipo tira cer\u00e1mica, aislamiento t\u00e9rmico y cubierta exterior de l\u00e1mina de acero inoxidable.<\/span><\/p><p><span style=\"color: #000000;\">Opci\u00f3n: termopozo interior o exterior.<\/span><\/p><p><span style=\"color: #000000;\">Opci\u00f3n: sistema de control de temperatura acoplado.<\/span><\/p>\t\t\t\t\t<\/div>\n\t\t\t\t\t\t<\/div>\n\t\t\t\t<\/div>\n\t\t\t\t<div class=\"elementor-element elementor-element-831793d elementor-widget elementor-widget-image\" data-id=\"831793d\" data-element_type=\"widget\" data-widget_type=\"image.default\">\n\t\t\t\t<div class=\"elementor-widget-container\">\n\t\t\t\t\t\t\t\t<div class=\"elementor-image\">\n\t\t\t\t\t\t\t\t\t\t\t\t<img width=\"300\" height=\"225\" src=\"https:\/\/ensa.com.mx\/wp-content\/uploads\/2015\/01\/crisol2-300x225.jpg\" class=\"attachment-medium size-medium\" alt=\"\" loading=\"lazy\" srcset=\"https:\/\/ensa.com.mx\/wp-content\/uploads\/2015\/01\/crisol2-300x225.jpg 300w, https:\/\/ensa.com.mx\/wp-content\/uploads\/2015\/01\/crisol2.jpg 458w\" sizes=\"(max-width: 300px) 100vw, 300px\" \/>\t\t\t\t\t\t\t\t\t\t\t\t\t\t<\/div>\n\t\t\t\t\t\t<\/div>\n\t\t\t\t<\/div>\n\t\t\t\t\t\t<\/div>\n\t\t\t\t\t<\/div>\n\t\t<\/div>\n\t\t\t\t\t\t\t\t<\/div>\n\t\t\t\t\t<\/div>\n\t\t<\/section>\n\t\t\t\t<section class=\"elementor-section elementor-top-section elementor-element elementor-element-15c7711e elementor-section-boxed elementor-section-height-default elementor-section-height-default\" data-id=\"15c7711e\" data-element_type=\"section\">\n\t\t\t\t\t\t<div class=\"elementor-container elementor-column-gap-default\">\n\t\t\t\t\t\t\t<div class=\"elementor-row\">\n\t\t\t\t\t<div class=\"elementor-column elementor-col-33 elementor-top-column elementor-element elementor-element-763bd4d6\" data-id=\"763bd4d6\" data-element_type=\"column\">\n\t\t\t<div class=\"elementor-column-wrap elementor-element-populated\">\n\t\t\t\t\t\t\t<div class=\"elementor-widget-wrap\">\n\t\t\t\t\t\t<div class=\"elementor-element elementor-element-368539ea elementor-widget elementor-widget-spacer\" data-id=\"368539ea\" data-element_type=\"widget\" data-widget_type=\"spacer.default\">\n\t\t\t\t<div class=\"elementor-widget-container\">\n\t\t\t\t\t<div class=\"elementor-spacer\">\n\t\t\t<div class=\"elementor-spacer-inner\"><\/div>\n\t\t<\/div>\n\t\t\t\t<\/div>\n\t\t\t\t<\/div>\n\t\t\t\t<div class=\"elementor-element elementor-element-a3949ff elementor-widget elementor-widget-google_maps\" data-id=\"a3949ff\" data-element_type=\"widget\" data-widget_type=\"google_maps.default\">\n\t\t\t\t<div class=\"elementor-widget-container\">\n\t\t\t\t\t<div class=\"elementor-custom-embed\">\n\t\t\t<iframe frameborder=\"0\" scrolling=\"no\" marginheight=\"0\" marginwidth=\"0\" src=\"https:\/\/maps.google.com\/maps?q=Juan%20N.%20Mirafuentes%2044%2C%20Barrio%20de%20los%20Reyes%2C%20Ciudad%20de%20M%C3%A9xico%2C%20CDMX%2C%20M%C3%A9xico&amp;t=m&amp;z=10&amp;output=embed&amp;iwloc=near\" title=\"%3$s\" aria-label=\"%3$s\"><\/iframe>\n\t\t<\/div>\n\t\t\t\t<\/div>\n\t\t\t\t<\/div>\n\t\t\t\t\t\t<\/div>\n\t\t\t\t\t<\/div>\n\t\t<\/div>\n\t\t\t\t<div class=\"elementor-column elementor-col-33 elementor-top-column elementor-element elementor-element-c23245c\" data-id=\"c23245c\" data-element_type=\"column\">\n\t\t\t<div class=\"elementor-column-wrap\">\n\t\t\t\t\t\t\t<div class=\"elementor-widget-wrap\">\n\t\t\t\t\t\t\t\t<\/div>\n\t\t\t\t\t<\/div>\n\t\t<\/div>\n\t\t\t\t<div class=\"elementor-column elementor-col-33 elementor-top-column elementor-element elementor-element-3585ac02\" data-id=\"3585ac02\" data-element_type=\"column\">\n\t\t\t<div class=\"elementor-column-wrap elementor-element-populated\">\n\t\t\t\t\t\t\t<div class=\"elementor-widget-wrap\">\n\t\t\t\t\t\t<div class=\"elementor-element elementor-element-7d180a75 elementor-grid-4 elementor-shape-rounded e-grid-align-center elementor-widget elementor-widget-social-icons\" data-id=\"7d180a75\" data-element_type=\"widget\" data-widget_type=\"social-icons.default\">\n\t\t\t\t<div class=\"elementor-widget-container\">\n\t\t\t\t\t<div class=\"elementor-social-icons-wrapper elementor-grid\">\n\t\t\t\t\t\t\t<span class=\"elementor-grid-item\">\n\t\t\t\t\t<a class=\"elementor-icon elementor-social-icon elementor-social-icon-facebook elementor-repeater-item-3d2592a\" href=\"https:\/\/www.facebook.com\/electrotermicanacional\/\" target=\"_blank\">\n\t\t\t\t\t\t<span class=\"elementor-screen-only\">Facebook<\/span>\n\t\t\t\t\t\t<i class=\"fab fa-facebook\"><\/i>\t\t\t\t\t<\/a>\n\t\t\t\t<\/span>\n\t\t\t\t\t\t\t<span class=\"elementor-grid-item\">\n\t\t\t\t\t<a class=\"elementor-icon elementor-social-icon elementor-social-icon-envelope elementor-repeater-item-d18f543\" href=\"mailto:www@ensa.com.mx\" target=\"_blank\">\n\t\t\t\t\t\t<span class=\"elementor-screen-only\">Envelope<\/span>\n\t\t\t\t\t\t<i class=\"fas fa-envelope\"><\/i>\t\t\t\t\t<\/a>\n\t\t\t\t<\/span>\n\t\t\t\t\t\t\t<span class=\"elementor-grid-item\">\n\t\t\t\t\t<a class=\"elementor-icon elementor-social-icon elementor-social-icon-phone elementor-repeater-item-b716629\" href=\"http:\/\/5555906566\" target=\"_blank\">\n\t\t\t\t\t\t<span class=\"elementor-screen-only\">Phone<\/span>\n\t\t\t\t\t\t<i class=\"fas fa-phone\"><\/i>\t\t\t\t\t<\/a>\n\t\t\t\t<\/span>\n\t\t\t\t\t<\/div>\n\t\t\t\t<\/div>\n\t\t\t\t<\/div>\n\t\t\t\t<div class=\"elementor-element elementor-element-722b65d9 elementor-aspect-ratio-169 elementor-widget elementor-widget-video\" data-id=\"722b65d9\" data-element_type=\"widget\" data-settings=\"{&quot;youtube_url&quot;:&quot;https:\\\/\\\/youtu.be\\\/FU8EnRRf_r0&quot;,&quot;video_type&quot;:&quot;youtube&quot;,&quot;controls&quot;:&quot;yes&quot;,&quot;aspect_ratio&quot;:&quot;169&quot;}\" data-widget_type=\"video.default\">\n\t\t\t\t<div class=\"elementor-widget-container\">\n\t\t\t\t\t<div class=\"elementor-wrapper elementor-fit-aspect-ratio elementor-open-inline\">\n\t\t\t<div class=\"elementor-video\"><\/div>\t\t<\/div>\n\t\t\t\t<\/div>\n\t\t\t\t<\/div>\n\t\t\t\t<div class=\"elementor-element elementor-element-4de90743 elementor-widget elementor-widget-text-editor\" data-id=\"4de90743\" data-element_type=\"widget\" data-widget_type=\"text-editor.default\">\n\t\t\t\t<div class=\"elementor-widget-container\">\n\t\t\t\t\t\t\t\t<div class=\"elementor-text-editor elementor-clearfix\">\n\t\t\t\t\t<div class=\"col\" style=\"text-align: center;\"><span style=\"color: #000000;\"><strong><span class=\"header-phone\">Llama al (+52)<\/span><\/strong><b>55-7045-0327<\/b><\/span><\/div>\t\t\t\t\t<\/div>\n\t\t\t\t\t\t<\/div>\n\t\t\t\t<\/div>\n\t\t\t\t\t\t<\/div>\n\t\t\t\t\t<\/div>\n\t\t<\/div>\n\t\t\t\t\t\t\t\t<\/div>\n\t\t\t\t\t<\/div>\n\t\t<\/section>\n\t\t\t\t\t\t<\/div>\n\t\t\t\t\t\t<\/div>\n\t\t\t\t\t<\/div>\n\t\t","protected":false},"excerpt":{"rendered":"<p>Bancos Bandas Calor el\u00e9ctrico Unidades Traza Transductores Precalentadores M\u00f3dulos L\u00e1mparas Hornos Galels Fundiciones Cartuchos Electrot\u00e9rmica Nacional Anterior Siguiente Estos crisoles &hellip; <\/p>\n","protected":false},"author":1,"featured_media":0,"parent":195,"menu_order":0,"comment_status":"closed","ping_status":"closed","template":"","meta":[],"_links":{"self":[{"href":"https:\/\/ensa.com.mx\/index.php?rest_route=\/wp\/v2\/pages\/346"}],"collection":[{"href":"https:\/\/ensa.com.mx\/index.php?rest_route=\/wp\/v2\/pages"}],"about":[{"href":"https:\/\/ensa.com.mx\/index.php?rest_route=\/wp\/v2\/types\/page"}],"author":[{"embeddable":true,"href":"https:\/\/ensa.com.mx\/index.php?rest_route=\/wp\/v2\/users\/1"}],"replies":[{"embeddable":true,"href":"https:\/\/ensa.com.mx\/index.php?rest_route=%2Fwp%2Fv2%2Fcomments&post=346"}],"version-history":[{"count":5,"href":"https:\/\/ensa.com.mx\/index.php?rest_route=\/wp\/v2\/pages\/346\/revisions"}],"predecessor-version":[{"id":2548,"href":"https:\/\/ensa.com.mx\/index.php?rest_route=\/wp\/v2\/pages\/346\/revisions\/2548"}],"up":[{"embeddable":true,"href":"https:\/\/ensa.com.mx\/index.php?rest_route=\/wp\/v2\/pages\/195"}],"wp:attachment":[{"href":"https:\/\/ensa.com.mx\/index.php?rest_route=%2Fwp%2Fv2%2Fmedia&parent=346"}],"curies":[{"name":"wp","href":"https:\/\/api.w.org\/{rel}","templated":true}]}}