{"id":463,"date":"2015-01-13T16:40:13","date_gmt":"2015-01-13T16:40:13","guid":{"rendered":"http:\/\/ensa.esy.es\/?page_id=463"},"modified":"2022-02-02T19:42:41","modified_gmt":"2022-02-02T19:42:41","slug":"diseno-del-productosistema","status":"publish","type":"page","link":"https:\/\/ensa.com.mx\/?page_id=463","title":{"rendered":"Dise\u00f1o del producto o sistema"},"content":{"rendered":"\t\t<div data-elementor-type=\"wp-page\" data-elementor-id=\"463\" class=\"elementor elementor-463\" data-elementor-settings=\"[]\">\n\t\t\t\t\t\t<div class=\"elementor-inner\">\n\t\t\t\t\t\t\t<div class=\"elementor-section-wrap\">\n\t\t\t\t\t\t\t<section class=\"elementor-section elementor-top-section elementor-element elementor-element-c0371ef elementor-section-boxed elementor-section-height-default elementor-section-height-default\" data-id=\"c0371ef\" data-element_type=\"section\">\n\t\t\t\t\t\t<div class=\"elementor-container elementor-column-gap-default\">\n\t\t\t\t\t\t\t<div class=\"elementor-row\">\n\t\t\t\t\t<div class=\"elementor-column elementor-col-33 elementor-top-column elementor-element elementor-element-55185e0e\" data-id=\"55185e0e\" data-element_type=\"column\">\n\t\t\t<div class=\"elementor-column-wrap elementor-element-populated\">\n\t\t\t\t\t\t\t<div class=\"elementor-widget-wrap\">\n\t\t\t\t\t\t<div class=\"elementor-element elementor-element-3b69d747 elementor-arrows-position-inside elementor-pagination-position-outside elementor-widget elementor-widget-image-carousel\" data-id=\"3b69d747\" data-element_type=\"widget\" data-settings=\"{&quot;slides_to_show&quot;:&quot;1&quot;,&quot;navigation&quot;:&quot;both&quot;,&quot;autoplay&quot;:&quot;yes&quot;,&quot;pause_on_hover&quot;:&quot;yes&quot;,&quot;pause_on_interaction&quot;:&quot;yes&quot;,&quot;autoplay_speed&quot;:5000,&quot;infinite&quot;:&quot;yes&quot;,&quot;effect&quot;:&quot;slide&quot;,&quot;speed&quot;:500}\" data-widget_type=\"image-carousel.default\">\n\t\t\t\t<div class=\"elementor-widget-container\">\n\t\t\t\t\t<div class=\"elementor-image-carousel-wrapper swiper-container\" dir=\"ltr\">\n\t\t\t<div class=\"elementor-image-carousel swiper-wrapper\">\n\t\t\t\t<div class=\"swiper-slide\"><a data-elementor-open-lightbox=\"yes\" data-elementor-lightbox-slideshow=\"3b69d747\" data-elementor-lightbox-title=\"Hornos\" href=\"https:\/\/ensa.com.mx\/wp-content\/uploads\/2020\/10\/Hornos.jpeg\"><figure class=\"swiper-slide-inner\"><img class=\"swiper-slide-image\" src=\"https:\/\/ensa.com.mx\/wp-content\/uploads\/2020\/10\/Hornos.jpeg\" alt=\"Hornos\" \/><figcaption class=\"elementor-image-carousel-caption\">Hornos<\/figcaption><\/figure><\/a><\/div><div class=\"swiper-slide\"><a data-elementor-open-lightbox=\"yes\" data-elementor-lightbox-slideshow=\"3b69d747\" data-elementor-lightbox-title=\"Bandas\" href=\"https:\/\/ensa.com.mx\/wp-content\/uploads\/2020\/10\/Bandas.jpeg\"><figure class=\"swiper-slide-inner\"><img class=\"swiper-slide-image\" src=\"https:\/\/ensa.com.mx\/wp-content\/uploads\/2020\/10\/Bandas.jpeg\" alt=\"Bandas\" \/><figcaption class=\"elementor-image-carousel-caption\">Bandas<\/figcaption><\/figure><\/a><\/div><div class=\"swiper-slide\"><a data-elementor-open-lightbox=\"yes\" data-elementor-lightbox-slideshow=\"3b69d747\" data-elementor-lightbox-title=\"Bancos\" href=\"https:\/\/ensa.com.mx\/wp-content\/uploads\/2020\/10\/Bancos.jpeg\"><figure class=\"swiper-slide-inner\"><img class=\"swiper-slide-image\" src=\"https:\/\/ensa.com.mx\/wp-content\/uploads\/2020\/10\/Bancos.jpeg\" alt=\"Bancos\" \/><figcaption class=\"elementor-image-carousel-caption\">Bancos<\/figcaption><\/figure><\/a><\/div><div class=\"swiper-slide\"><a data-elementor-open-lightbox=\"yes\" data-elementor-lightbox-slideshow=\"3b69d747\" data-elementor-lightbox-title=\"Calor el\u00e9ctrico\" href=\"https:\/\/ensa.com.mx\/wp-content\/uploads\/2020\/10\/Varios.jpeg\"><figure class=\"swiper-slide-inner\"><img class=\"swiper-slide-image\" src=\"https:\/\/ensa.com.mx\/wp-content\/uploads\/2020\/10\/Varios.jpeg\" alt=\"Calor el\u00e9ctrico\" \/><figcaption class=\"elementor-image-carousel-caption\">Calor el\u00e9ctrico<\/figcaption><\/figure><\/a><\/div><div class=\"swiper-slide\"><a data-elementor-open-lightbox=\"yes\" data-elementor-lightbox-slideshow=\"3b69d747\" data-elementor-lightbox-title=\"Unidades\" href=\"https:\/\/ensa.com.mx\/wp-content\/uploads\/2020\/10\/Unidades.jpeg\"><figure class=\"swiper-slide-inner\"><img class=\"swiper-slide-image\" src=\"https:\/\/ensa.com.mx\/wp-content\/uploads\/2020\/10\/Unidades.jpeg\" alt=\"Unidades\" \/><figcaption class=\"elementor-image-carousel-caption\">Unidades<\/figcaption><\/figure><\/a><\/div><div class=\"swiper-slide\"><a data-elementor-open-lightbox=\"yes\" data-elementor-lightbox-slideshow=\"3b69d747\" data-elementor-lightbox-title=\"Traza\" href=\"https:\/\/ensa.com.mx\/wp-content\/uploads\/2020\/10\/Traza.jpeg\"><figure class=\"swiper-slide-inner\"><img class=\"swiper-slide-image\" src=\"https:\/\/ensa.com.mx\/wp-content\/uploads\/2020\/10\/Traza.jpeg\" alt=\"Traza\" \/><figcaption class=\"elementor-image-carousel-caption\">Traza<\/figcaption><\/figure><\/a><\/div><div class=\"swiper-slide\"><a data-elementor-open-lightbox=\"yes\" data-elementor-lightbox-slideshow=\"3b69d747\" data-elementor-lightbox-title=\"Transductores\" href=\"https:\/\/ensa.com.mx\/wp-content\/uploads\/2020\/10\/Transductores.jpeg\"><figure class=\"swiper-slide-inner\"><img class=\"swiper-slide-image\" src=\"https:\/\/ensa.com.mx\/wp-content\/uploads\/2020\/10\/Transductores.jpeg\" alt=\"Transductores\" \/><figcaption class=\"elementor-image-carousel-caption\">Transductores<\/figcaption><\/figure><\/a><\/div><div class=\"swiper-slide\"><a data-elementor-open-lightbox=\"yes\" data-elementor-lightbox-slideshow=\"3b69d747\" data-elementor-lightbox-title=\"Precalentadores\" href=\"https:\/\/ensa.com.mx\/wp-content\/uploads\/2020\/10\/Precalentadores.jpeg\"><figure class=\"swiper-slide-inner\"><img class=\"swiper-slide-image\" src=\"https:\/\/ensa.com.mx\/wp-content\/uploads\/2020\/10\/Precalentadores.jpeg\" alt=\"Precalentadores\" \/><figcaption class=\"elementor-image-carousel-caption\">Precalentadores<\/figcaption><\/figure><\/a><\/div><div class=\"swiper-slide\"><a data-elementor-open-lightbox=\"yes\" data-elementor-lightbox-slideshow=\"3b69d747\" data-elementor-lightbox-title=\"M\u00f3dulos\" href=\"https:\/\/ensa.com.mx\/wp-content\/uploads\/2020\/10\/Modulos.jpeg\"><figure class=\"swiper-slide-inner\"><img class=\"swiper-slide-image\" src=\"https:\/\/ensa.com.mx\/wp-content\/uploads\/2020\/10\/Modulos.jpeg\" alt=\"M\u00f3dulos\" \/><figcaption class=\"elementor-image-carousel-caption\">M\u00f3dulos<\/figcaption><\/figure><\/a><\/div><div class=\"swiper-slide\"><a data-elementor-open-lightbox=\"yes\" data-elementor-lightbox-slideshow=\"3b69d747\" data-elementor-lightbox-title=\"L\u00e1mparas\" href=\"https:\/\/ensa.com.mx\/wp-content\/uploads\/2020\/10\/Lamparas.jpeg\"><figure class=\"swiper-slide-inner\"><img class=\"swiper-slide-image\" src=\"https:\/\/ensa.com.mx\/wp-content\/uploads\/2020\/10\/Lamparas.jpeg\" alt=\"L\u00e1mparas\" \/><figcaption class=\"elementor-image-carousel-caption\">L\u00e1mparas<\/figcaption><\/figure><\/a><\/div><div class=\"swiper-slide\"><a data-elementor-open-lightbox=\"yes\" data-elementor-lightbox-slideshow=\"3b69d747\" data-elementor-lightbox-title=\"Galels\" href=\"https:\/\/ensa.com.mx\/wp-content\/uploads\/2020\/10\/Galels.jpeg\"><figure class=\"swiper-slide-inner\"><img class=\"swiper-slide-image\" src=\"https:\/\/ensa.com.mx\/wp-content\/uploads\/2020\/10\/Galels.jpeg\" alt=\"Galels\" \/><figcaption class=\"elementor-image-carousel-caption\">Galels<\/figcaption><\/figure><\/a><\/div><div class=\"swiper-slide\"><a data-elementor-open-lightbox=\"yes\" data-elementor-lightbox-slideshow=\"3b69d747\" data-elementor-lightbox-title=\"Fundiciones\" href=\"https:\/\/ensa.com.mx\/wp-content\/uploads\/2020\/10\/Fundiciones.jpeg\"><figure class=\"swiper-slide-inner\"><img class=\"swiper-slide-image\" src=\"https:\/\/ensa.com.mx\/wp-content\/uploads\/2020\/10\/Fundiciones.jpeg\" alt=\"Fundiciones\" \/><figcaption class=\"elementor-image-carousel-caption\">Fundiciones<\/figcaption><\/figure><\/a><\/div><div class=\"swiper-slide\"><a data-elementor-open-lightbox=\"yes\" data-elementor-lightbox-slideshow=\"3b69d747\" data-elementor-lightbox-title=\"Cartuchos\" href=\"https:\/\/ensa.com.mx\/wp-content\/uploads\/2020\/10\/Cartuchos.jpeg\"><figure class=\"swiper-slide-inner\"><img class=\"swiper-slide-image\" src=\"https:\/\/ensa.com.mx\/wp-content\/uploads\/2020\/10\/Cartuchos.jpeg\" alt=\"Cartuchos\" \/><figcaption class=\"elementor-image-carousel-caption\">Cartuchos<\/figcaption><\/figure><\/a><\/div><div class=\"swiper-slide\"><a data-elementor-open-lightbox=\"yes\" data-elementor-lightbox-slideshow=\"3b69d747\" data-elementor-lightbox-title=\"Electrot\u00e9rmica Nacional\" href=\"https:\/\/ensa.com.mx\/wp-content\/uploads\/2020\/10\/Tamas.jpeg\"><figure class=\"swiper-slide-inner\"><img class=\"swiper-slide-image\" src=\"https:\/\/ensa.com.mx\/wp-content\/uploads\/2020\/10\/Tamas.jpeg\" alt=\"Electrot\u00e9rmica Nacional\" \/><figcaption class=\"elementor-image-carousel-caption\">Electrot\u00e9rmica Nacional<\/figcaption><\/figure><\/a><\/div>\t\t\t<\/div>\n\t\t\t\t\t\t\t\t\t\t\t\t<div class=\"swiper-pagination\"><\/div>\n\t\t\t\t\t\t\t\t\t\t\t\t\t<div class=\"elementor-swiper-button elementor-swiper-button-prev\">\n\t\t\t\t\t\t<i class=\"eicon-chevron-left\" aria-hidden=\"true\"><\/i>\n\t\t\t\t\t\t<span class=\"elementor-screen-only\">Anterior<\/span>\n\t\t\t\t\t<\/div>\n\t\t\t\t\t<div class=\"elementor-swiper-button elementor-swiper-button-next\">\n\t\t\t\t\t\t<i class=\"eicon-chevron-right\" aria-hidden=\"true\"><\/i>\n\t\t\t\t\t\t<span class=\"elementor-screen-only\">Siguiente<\/span>\n\t\t\t\t\t<\/div>\n\t\t\t\t\t\t\t\t\t<\/div>\n\t\t\t\t<\/div>\n\t\t\t\t<\/div>\n\t\t\t\t\t\t<\/div>\n\t\t\t\t\t<\/div>\n\t\t<\/div>\n\t\t\t\t<div class=\"elementor-column elementor-col-33 elementor-top-column elementor-element elementor-element-33a496e8\" data-id=\"33a496e8\" data-element_type=\"column\">\n\t\t\t<div class=\"elementor-column-wrap\">\n\t\t\t\t\t\t\t<div class=\"elementor-widget-wrap\">\n\t\t\t\t\t\t\t\t<\/div>\n\t\t\t\t\t<\/div>\n\t\t<\/div>\n\t\t\t\t<div class=\"elementor-column elementor-col-33 elementor-top-column elementor-element elementor-element-593159a1\" data-id=\"593159a1\" data-element_type=\"column\">\n\t\t\t<div class=\"elementor-column-wrap elementor-element-populated\">\n\t\t\t\t\t\t\t<div class=\"elementor-widget-wrap\">\n\t\t\t\t\t\t<div class=\"elementor-element elementor-element-0f3266b elementor-widget elementor-widget-text-editor\" data-id=\"0f3266b\" data-element_type=\"widget\" data-widget_type=\"text-editor.default\">\n\t\t\t\t<div class=\"elementor-widget-container\">\n\t\t\t\t\t\t\t\t<div class=\"elementor-text-editor elementor-clearfix\">\n\t\t\t\t\t<p><span style=\"color: #000000;\">Encontrar la mejor soluci\u00f3n para cada aplicaci\u00f3n requiere profundos conocimientos del ramo, a la vez que una experiencia muy amplia tanto en el dise\u00f1o como en la puesta en operaci\u00f3n, y posteriormente\u00a0en el seguimiento\u00a0del desempe\u00f1o del producto\u00a0o\u00a0sistema.\u00a0<\/span><\/p>\t\t\t\t\t<\/div>\n\t\t\t\t\t\t<\/div>\n\t\t\t\t<\/div>\n\t\t\t\t\t\t<\/div>\n\t\t\t\t\t<\/div>\n\t\t<\/div>\n\t\t\t\t\t\t\t\t<\/div>\n\t\t\t\t\t<\/div>\n\t\t<\/section>\n\t\t\t\t<section class=\"elementor-section elementor-top-section elementor-element elementor-element-33bf230 elementor-section-boxed elementor-section-height-default elementor-section-height-default\" data-id=\"33bf230\" data-element_type=\"section\">\n\t\t\t\t\t\t<div class=\"elementor-container elementor-column-gap-default\">\n\t\t\t\t\t\t\t<div class=\"elementor-row\">\n\t\t\t\t\t<div class=\"elementor-column elementor-col-33 elementor-top-column elementor-element elementor-element-60bfe39\" data-id=\"60bfe39\" data-element_type=\"column\">\n\t\t\t<div class=\"elementor-column-wrap elementor-element-populated\">\n\t\t\t\t\t\t\t<div class=\"elementor-widget-wrap\">\n\t\t\t\t\t\t<div class=\"elementor-element elementor-element-81f7ba8 elementor-widget elementor-widget-text-editor\" data-id=\"81f7ba8\" data-element_type=\"widget\" data-widget_type=\"text-editor.default\">\n\t\t\t\t<div class=\"elementor-widget-container\">\n\t\t\t\t\t\t\t\t<div class=\"elementor-text-editor elementor-clearfix\">\n\t\t\t\t\t<p><span style=\"color: #000000; font-family: var( --e-global-typography-text-font-family ), Sans-serif; font-weight: var( --e-global-typography-text-font-weight );\">En nuestros departamentos de <\/span><strong style=\"color: #000000; font-family: var( --e-global-typography-text-font-family ), Sans-serif;\">Producci\u00f3n<\/strong><span style=\"color: #000000; font-family: var( --e-global-typography-text-font-family ), Sans-serif; font-weight: var( --e-global-typography-text-font-weight );\">, <\/span><strong style=\"color: #000000; font-family: var( --e-global-typography-text-font-family ), Sans-serif;\">Ingenier\u00eda<\/strong><span style=\"color: #000000; font-family: var( --e-global-typography-text-font-family ), Sans-serif; font-weight: var( --e-global-typography-text-font-weight );\"> e <\/span><strong style=\"color: #000000; font-family: var( --e-global-typography-text-font-family ), Sans-serif;\">Investigaci\u00f3n y Desarrollo<\/strong><span style=\"color: #000000; font-family: var( --e-global-typography-text-font-family ), Sans-serif; font-weight: var( --e-global-typography-text-font-weight );\"> contamos con ingenieros titulados en\u00a0diversas especialidades\u00a0(el\u00e9ctricos, electr\u00f3nicos, mec\u00e1nicos e industriales), quienes cuentan con la eficiencia y habilidades adquiridos gracias a su participaci\u00f3n, durante muchos a\u00f1os, en\u00a0innumerables proyectos y desarrollos. Nuestro Gerente de Producci\u00f3n cuenta con\u00a0m\u00e1s de 30 a\u00f1os en la empresa y el m\u00e1s \u201cnovato\u201d de los ingenieros, m\u00e1s de 10 a\u00f1os.<\/span><\/p><p style=\"text-align: left;\"><span style=\"color: #000000;\">Ofrecemos asesor\u00eda en\u00a0aplicaciones de calor el\u00e9ctrico y control de temperatura, sin cargo y sin compromiso (<a href=\"https:\/\/ensa.com.mx\/?page_id=284\">Asesor\u00eda t\u00e9cnica<\/a>).<br \/><\/span><\/p>\t\t\t\t\t<\/div>\n\t\t\t\t\t\t<\/div>\n\t\t\t\t<\/div>\n\t\t\t\t\t\t<\/div>\n\t\t\t\t\t<\/div>\n\t\t<\/div>\n\t\t\t\t<div class=\"elementor-column elementor-col-33 elementor-top-column elementor-element elementor-element-931b818\" data-id=\"931b818\" data-element_type=\"column\">\n\t\t\t<div class=\"elementor-column-wrap elementor-element-populated\">\n\t\t\t\t\t\t\t<div class=\"elementor-widget-wrap\">\n\t\t\t\t\t\t<div class=\"elementor-element elementor-element-131fdc3 elementor-widget elementor-widget-image\" data-id=\"131fdc3\" data-element_type=\"widget\" data-widget_type=\"image.default\">\n\t\t\t\t<div class=\"elementor-widget-container\">\n\t\t\t\t\t\t\t\t<div class=\"elementor-image\">\n\t\t\t\t\t\t\t\t\t\t\t\t<img width=\"221\" height=\"300\" src=\"https:\/\/ensa.com.mx\/wp-content\/uploads\/2015\/08\/UI-tubulares-con-monita-221x300.jpg\" class=\"attachment-medium size-medium\" alt=\"\" loading=\"lazy\" srcset=\"https:\/\/ensa.com.mx\/wp-content\/uploads\/2015\/08\/UI-tubulares-con-monita-221x300.jpg 221w, https:\/\/ensa.com.mx\/wp-content\/uploads\/2015\/08\/UI-tubulares-con-monita.jpg 311w\" sizes=\"(max-width: 221px) 100vw, 221px\" \/>\t\t\t\t\t\t\t\t\t\t\t\t\t\t<\/div>\n\t\t\t\t\t\t<\/div>\n\t\t\t\t<\/div>\n\t\t\t\t\t\t<\/div>\n\t\t\t\t\t<\/div>\n\t\t<\/div>\n\t\t\t\t<div class=\"elementor-column elementor-col-33 elementor-top-column elementor-element elementor-element-578a7b4\" data-id=\"578a7b4\" data-element_type=\"column\">\n\t\t\t<div class=\"elementor-column-wrap elementor-element-populated\">\n\t\t\t\t\t\t\t<div class=\"elementor-widget-wrap\">\n\t\t\t\t\t\t<div class=\"elementor-element elementor-element-b39754c elementor-widget elementor-widget-text-editor\" data-id=\"b39754c\" data-element_type=\"widget\" data-widget_type=\"text-editor.default\">\n\t\t\t\t<div class=\"elementor-widget-container\">\n\t\t\t\t\t\t\t\t<div class=\"elementor-text-editor elementor-clearfix\">\n\t\t\t\t\t<p><span style=\"color: #000000;\">M\u00c1S:<\/span><\/p><ul><li><p><span style=\"color: #000000;\"><a style=\"color: #000000;\" title=\"Dise\u00f1o del producto\/sistema\" href=\"http:\/\/ensa.com.mx\/?page_id=463\">DISE\u00d1O DEL PRODUCTO Y\/O DEL SISTEMA<\/a><\/span><\/p><\/li><li><p><span style=\"color: #000000;\"><a style=\"color: #000000;\" title=\"C\u00e1lculo el\u00e9ctrico de los elementos resistivos\" href=\"http:\/\/ensa.com.mx\/?page_id=466\">C\u00c1LCULO EL\u00c9CTRICO DE LOS ELEMENTOS RESISTIVOS<\/a><\/span><\/p><\/li><li><p><span style=\"color: #000000;\"><a style=\"color: #000000;\" title=\"T\u00e9cnicos y operadores\" href=\"http:\/\/ensa.com.mx\/?page_id=468\">T\u00c9CNICOS Y OPERADORES<\/a><\/span><\/p><\/li><li><p><span style=\"color: #000000;\"><a style=\"color: #000000;\" title=\"Materia prima\" href=\"http:\/\/ensa.com.mx\/?page_id=470\">MATERIA PRIMA<\/a><\/span><\/p><\/li><li><p><span style=\"color: #000000;\"><a style=\"color: #000000;\" title=\"Maquinaria y equipo\" href=\"http:\/\/ensa.com.mx\/?page_id=472\">MAQUINARIA Y EQUIPO<\/a><\/span><\/p><\/li><li><p><span style=\"color: #000000;\"><a style=\"color: #000000;\" href=\"http:\/\/ensa.com.mx\/?page_id=474\">CALIDAD Y SERVICIO\u00a0<\/a><\/span><\/p><\/li><\/ul><p style=\"text-align: left;\">\u00a0<\/p>\t\t\t\t\t<\/div>\n\t\t\t\t\t\t<\/div>\n\t\t\t\t<\/div>\n\t\t\t\t\t\t<\/div>\n\t\t\t\t\t<\/div>\n\t\t<\/div>\n\t\t\t\t\t\t\t\t<\/div>\n\t\t\t\t\t<\/div>\n\t\t<\/section>\n\t\t\t\t<section class=\"elementor-section elementor-top-section elementor-element elementor-element-7ee79986 elementor-section-boxed elementor-section-height-default elementor-section-height-default\" data-id=\"7ee79986\" data-element_type=\"section\">\n\t\t\t\t\t\t<div class=\"elementor-container elementor-column-gap-default\">\n\t\t\t\t\t\t\t<div class=\"elementor-row\">\n\t\t\t\t\t<div class=\"elementor-column elementor-col-33 elementor-top-column elementor-element elementor-element-3d25f754\" data-id=\"3d25f754\" data-element_type=\"column\">\n\t\t\t<div class=\"elementor-column-wrap elementor-element-populated\">\n\t\t\t\t\t\t\t<div class=\"elementor-widget-wrap\">\n\t\t\t\t\t\t<div class=\"elementor-element elementor-element-797af1d3 elementor-widget elementor-widget-spacer\" data-id=\"797af1d3\" data-element_type=\"widget\" data-widget_type=\"spacer.default\">\n\t\t\t\t<div class=\"elementor-widget-container\">\n\t\t\t\t\t<div class=\"elementor-spacer\">\n\t\t\t<div class=\"elementor-spacer-inner\"><\/div>\n\t\t<\/div>\n\t\t\t\t<\/div>\n\t\t\t\t<\/div>\n\t\t\t\t<div class=\"elementor-element elementor-element-6702b3f8 elementor-widget elementor-widget-google_maps\" data-id=\"6702b3f8\" data-element_type=\"widget\" data-widget_type=\"google_maps.default\">\n\t\t\t\t<div class=\"elementor-widget-container\">\n\t\t\t\t\t<div class=\"elementor-custom-embed\">\n\t\t\t<iframe frameborder=\"0\" scrolling=\"no\" marginheight=\"0\" marginwidth=\"0\" src=\"https:\/\/maps.google.com\/maps?q=Juan%20N.%20Mirafuentes%2044%2C%20Barrio%20de%20los%20Reyes%2C%20Ciudad%20de%20M%C3%A9xico%2C%20CDMX%2C%20M%C3%A9xico&amp;t=m&amp;z=10&amp;output=embed&amp;iwloc=near\" title=\"%3$s\" aria-label=\"%3$s\"><\/iframe>\n\t\t<\/div>\n\t\t\t\t<\/div>\n\t\t\t\t<\/div>\n\t\t\t\t\t\t<\/div>\n\t\t\t\t\t<\/div>\n\t\t<\/div>\n\t\t\t\t<div class=\"elementor-column elementor-col-33 elementor-top-column elementor-element elementor-element-1ef9cfc0\" data-id=\"1ef9cfc0\" data-element_type=\"column\">\n\t\t\t<div class=\"elementor-column-wrap\">\n\t\t\t\t\t\t\t<div class=\"elementor-widget-wrap\">\n\t\t\t\t\t\t\t\t<\/div>\n\t\t\t\t\t<\/div>\n\t\t<\/div>\n\t\t\t\t<div class=\"elementor-column elementor-col-33 elementor-top-column elementor-element elementor-element-150dcbc5\" data-id=\"150dcbc5\" data-element_type=\"column\">\n\t\t\t<div class=\"elementor-column-wrap elementor-element-populated\">\n\t\t\t\t\t\t\t<div class=\"elementor-widget-wrap\">\n\t\t\t\t\t\t<div class=\"elementor-element elementor-element-6cb41c25 elementor-grid-4 elementor-shape-rounded e-grid-align-center elementor-widget elementor-widget-social-icons\" data-id=\"6cb41c25\" data-element_type=\"widget\" data-widget_type=\"social-icons.default\">\n\t\t\t\t<div class=\"elementor-widget-container\">\n\t\t\t\t\t<div class=\"elementor-social-icons-wrapper elementor-grid\">\n\t\t\t\t\t\t\t<span class=\"elementor-grid-item\">\n\t\t\t\t\t<a class=\"elementor-icon elementor-social-icon elementor-social-icon-facebook elementor-repeater-item-3d2592a\" href=\"https:\/\/www.facebook.com\/electrotermicanacional\/\" target=\"_blank\">\n\t\t\t\t\t\t<span class=\"elementor-screen-only\">Facebook<\/span>\n\t\t\t\t\t\t<i class=\"fab fa-facebook\"><\/i>\t\t\t\t\t<\/a>\n\t\t\t\t<\/span>\n\t\t\t\t\t\t\t<span class=\"elementor-grid-item\">\n\t\t\t\t\t<a class=\"elementor-icon elementor-social-icon elementor-social-icon-envelope elementor-repeater-item-d18f543\" href=\"mailto:www@ensa.com.mx\" target=\"_blank\">\n\t\t\t\t\t\t<span class=\"elementor-screen-only\">Envelope<\/span>\n\t\t\t\t\t\t<i class=\"fas fa-envelope\"><\/i>\t\t\t\t\t<\/a>\n\t\t\t\t<\/span>\n\t\t\t\t\t\t\t<span class=\"elementor-grid-item\">\n\t\t\t\t\t<a class=\"elementor-icon elementor-social-icon elementor-social-icon-phone elementor-repeater-item-b716629\" href=\"http:\/\/5555906566\" target=\"_blank\">\n\t\t\t\t\t\t<span class=\"elementor-screen-only\">Phone<\/span>\n\t\t\t\t\t\t<i class=\"fas fa-phone\"><\/i>\t\t\t\t\t<\/a>\n\t\t\t\t<\/span>\n\t\t\t\t\t<\/div>\n\t\t\t\t<\/div>\n\t\t\t\t<\/div>\n\t\t\t\t<div class=\"elementor-element elementor-element-77fb4e71 elementor-aspect-ratio-169 elementor-widget elementor-widget-video\" data-id=\"77fb4e71\" data-element_type=\"widget\" data-settings=\"{&quot;youtube_url&quot;:&quot;https:\\\/\\\/youtu.be\\\/FU8EnRRf_r0&quot;,&quot;video_type&quot;:&quot;youtube&quot;,&quot;controls&quot;:&quot;yes&quot;,&quot;aspect_ratio&quot;:&quot;169&quot;}\" data-widget_type=\"video.default\">\n\t\t\t\t<div class=\"elementor-widget-container\">\n\t\t\t\t\t<div class=\"elementor-wrapper elementor-fit-aspect-ratio elementor-open-inline\">\n\t\t\t<div class=\"elementor-video\"><\/div>\t\t<\/div>\n\t\t\t\t<\/div>\n\t\t\t\t<\/div>\n\t\t\t\t<div class=\"elementor-element elementor-element-3dc4a964 elementor-widget elementor-widget-text-editor\" data-id=\"3dc4a964\" data-element_type=\"widget\" data-widget_type=\"text-editor.default\">\n\t\t\t\t<div class=\"elementor-widget-container\">\n\t\t\t\t\t\t\t\t<div class=\"elementor-text-editor elementor-clearfix\">\n\t\t\t\t\t<div class=\"col\" style=\"text-align: center;\"><span style=\"color: #000000;\"><strong><span class=\"header-phone\">Llama al (+52)<\/span><\/strong><b>55-7045-0327<\/b><\/span><\/div>\t\t\t\t\t<\/div>\n\t\t\t\t\t\t<\/div>\n\t\t\t\t<\/div>\n\t\t\t\t\t\t<\/div>\n\t\t\t\t\t<\/div>\n\t\t<\/div>\n\t\t\t\t\t\t\t\t<\/div>\n\t\t\t\t\t<\/div>\n\t\t<\/section>\n\t\t\t\t\t\t<\/div>\n\t\t\t\t\t\t<\/div>\n\t\t\t\t\t<\/div>\n\t\t","protected":false},"excerpt":{"rendered":"<p>Hornos Bandas Bancos Calor el\u00e9ctrico Unidades Traza Transductores Precalentadores M\u00f3dulos L\u00e1mparas Galels Fundiciones Cartuchos Electrot\u00e9rmica Nacional Anterior Siguiente Encontrar la &hellip; <\/p>\n","protected":false},"author":1,"featured_media":0,"parent":373,"menu_order":0,"comment_status":"closed","ping_status":"closed","template":"","meta":[],"_links":{"self":[{"href":"https:\/\/ensa.com.mx\/index.php?rest_route=\/wp\/v2\/pages\/463"}],"collection":[{"href":"https:\/\/ensa.com.mx\/index.php?rest_route=\/wp\/v2\/pages"}],"about":[{"href":"https:\/\/ensa.com.mx\/index.php?rest_route=\/wp\/v2\/types\/page"}],"author":[{"embeddable":true,"href":"https:\/\/ensa.com.mx\/index.php?rest_route=\/wp\/v2\/users\/1"}],"replies":[{"embeddable":true,"href":"https:\/\/ensa.com.mx\/index.php?rest_route=%2Fwp%2Fv2%2Fcomments&post=463"}],"version-history":[{"count":18,"href":"https:\/\/ensa.com.mx\/index.php?rest_route=\/wp\/v2\/pages\/463\/revisions"}],"predecessor-version":[{"id":2422,"href":"https:\/\/ensa.com.mx\/index.php?rest_route=\/wp\/v2\/pages\/463\/revisions\/2422"}],"up":[{"embeddable":true,"href":"https:\/\/ensa.com.mx\/index.php?rest_route=\/wp\/v2\/pages\/373"}],"wp:attachment":[{"href":"https:\/\/ensa.com.mx\/index.php?rest_route=%2Fwp%2Fv2%2Fmedia&parent=463"}],"curies":[{"name":"wp","href":"https:\/\/api.w.org\/{rel}","templated":true}]}}