{"id":472,"date":"2015-01-13T16:43:06","date_gmt":"2015-01-13T16:43:06","guid":{"rendered":"http:\/\/ensa.esy.es\/?page_id=472"},"modified":"2022-02-02T19:53:16","modified_gmt":"2022-02-02T19:53:16","slug":"maquinaria-y-equipo","status":"publish","type":"page","link":"https:\/\/ensa.com.mx\/?page_id=472","title":{"rendered":"Maquinaria y equipo"},"content":{"rendered":"\t\t<div data-elementor-type=\"wp-page\" data-elementor-id=\"472\" class=\"elementor elementor-472\" data-elementor-settings=\"[]\">\n\t\t\t\t\t\t<div class=\"elementor-inner\">\n\t\t\t\t\t\t\t<div class=\"elementor-section-wrap\">\n\t\t\t\t\t\t\t<section class=\"elementor-section elementor-top-section elementor-element elementor-element-de9304d elementor-section-boxed elementor-section-height-default elementor-section-height-default\" data-id=\"de9304d\" data-element_type=\"section\">\n\t\t\t\t\t\t<div class=\"elementor-container elementor-column-gap-default\">\n\t\t\t\t\t\t\t<div class=\"elementor-row\">\n\t\t\t\t\t<div class=\"elementor-column elementor-col-33 elementor-top-column elementor-element elementor-element-4a34fb2\" data-id=\"4a34fb2\" data-element_type=\"column\">\n\t\t\t<div class=\"elementor-column-wrap elementor-element-populated\">\n\t\t\t\t\t\t\t<div class=\"elementor-widget-wrap\">\n\t\t\t\t\t\t<div class=\"elementor-element elementor-element-74020723 elementor-arrows-position-inside elementor-pagination-position-outside elementor-widget elementor-widget-image-carousel\" data-id=\"74020723\" data-element_type=\"widget\" data-settings=\"{&quot;slides_to_show&quot;:&quot;1&quot;,&quot;navigation&quot;:&quot;both&quot;,&quot;autoplay&quot;:&quot;yes&quot;,&quot;pause_on_hover&quot;:&quot;yes&quot;,&quot;pause_on_interaction&quot;:&quot;yes&quot;,&quot;autoplay_speed&quot;:5000,&quot;infinite&quot;:&quot;yes&quot;,&quot;effect&quot;:&quot;slide&quot;,&quot;speed&quot;:500}\" data-widget_type=\"image-carousel.default\">\n\t\t\t\t<div class=\"elementor-widget-container\">\n\t\t\t\t\t<div class=\"elementor-image-carousel-wrapper swiper-container\" dir=\"ltr\">\n\t\t\t<div class=\"elementor-image-carousel swiper-wrapper\">\n\t\t\t\t<div class=\"swiper-slide\"><a data-elementor-open-lightbox=\"yes\" data-elementor-lightbox-slideshow=\"74020723\" data-elementor-lightbox-title=\"Bandas\" href=\"https:\/\/ensa.com.mx\/wp-content\/uploads\/2020\/10\/Bandas.jpeg\"><figure class=\"swiper-slide-inner\"><img class=\"swiper-slide-image\" src=\"https:\/\/ensa.com.mx\/wp-content\/uploads\/2020\/10\/Bandas.jpeg\" alt=\"Bandas\" \/><figcaption class=\"elementor-image-carousel-caption\">Bandas<\/figcaption><\/figure><\/a><\/div><div class=\"swiper-slide\"><a data-elementor-open-lightbox=\"yes\" data-elementor-lightbox-slideshow=\"74020723\" data-elementor-lightbox-title=\"Bancos\" href=\"https:\/\/ensa.com.mx\/wp-content\/uploads\/2020\/10\/Bancos.jpeg\"><figure class=\"swiper-slide-inner\"><img class=\"swiper-slide-image\" src=\"https:\/\/ensa.com.mx\/wp-content\/uploads\/2020\/10\/Bancos.jpeg\" alt=\"Bancos\" \/><figcaption class=\"elementor-image-carousel-caption\">Bancos<\/figcaption><\/figure><\/a><\/div><div class=\"swiper-slide\"><a data-elementor-open-lightbox=\"yes\" data-elementor-lightbox-slideshow=\"74020723\" data-elementor-lightbox-title=\"Calor el\u00e9ctrico\" href=\"https:\/\/ensa.com.mx\/wp-content\/uploads\/2020\/10\/Varios.jpeg\"><figure class=\"swiper-slide-inner\"><img class=\"swiper-slide-image\" src=\"https:\/\/ensa.com.mx\/wp-content\/uploads\/2020\/10\/Varios.jpeg\" alt=\"Calor el\u00e9ctrico\" \/><figcaption class=\"elementor-image-carousel-caption\">Calor el\u00e9ctrico<\/figcaption><\/figure><\/a><\/div><div class=\"swiper-slide\"><a data-elementor-open-lightbox=\"yes\" data-elementor-lightbox-slideshow=\"74020723\" data-elementor-lightbox-title=\"Unidades\" href=\"https:\/\/ensa.com.mx\/wp-content\/uploads\/2020\/10\/Unidades.jpeg\"><figure class=\"swiper-slide-inner\"><img class=\"swiper-slide-image\" src=\"https:\/\/ensa.com.mx\/wp-content\/uploads\/2020\/10\/Unidades.jpeg\" alt=\"Unidades\" \/><figcaption class=\"elementor-image-carousel-caption\">Unidades<\/figcaption><\/figure><\/a><\/div><div class=\"swiper-slide\"><a data-elementor-open-lightbox=\"yes\" data-elementor-lightbox-slideshow=\"74020723\" data-elementor-lightbox-title=\"Traza\" href=\"https:\/\/ensa.com.mx\/wp-content\/uploads\/2020\/10\/Traza.jpeg\"><figure class=\"swiper-slide-inner\"><img class=\"swiper-slide-image\" src=\"https:\/\/ensa.com.mx\/wp-content\/uploads\/2020\/10\/Traza.jpeg\" alt=\"Traza\" \/><figcaption class=\"elementor-image-carousel-caption\">Traza<\/figcaption><\/figure><\/a><\/div><div class=\"swiper-slide\"><a data-elementor-open-lightbox=\"yes\" data-elementor-lightbox-slideshow=\"74020723\" data-elementor-lightbox-title=\"Transductores\" href=\"https:\/\/ensa.com.mx\/wp-content\/uploads\/2020\/10\/Transductores.jpeg\"><figure class=\"swiper-slide-inner\"><img class=\"swiper-slide-image\" src=\"https:\/\/ensa.com.mx\/wp-content\/uploads\/2020\/10\/Transductores.jpeg\" alt=\"Transductores\" \/><figcaption class=\"elementor-image-carousel-caption\">Transductores<\/figcaption><\/figure><\/a><\/div><div class=\"swiper-slide\"><a data-elementor-open-lightbox=\"yes\" data-elementor-lightbox-slideshow=\"74020723\" data-elementor-lightbox-title=\"Precalentadores\" href=\"https:\/\/ensa.com.mx\/wp-content\/uploads\/2020\/10\/Precalentadores.jpeg\"><figure class=\"swiper-slide-inner\"><img class=\"swiper-slide-image\" src=\"https:\/\/ensa.com.mx\/wp-content\/uploads\/2020\/10\/Precalentadores.jpeg\" alt=\"Precalentadores\" \/><figcaption class=\"elementor-image-carousel-caption\">Precalentadores<\/figcaption><\/figure><\/a><\/div><div class=\"swiper-slide\"><a data-elementor-open-lightbox=\"yes\" data-elementor-lightbox-slideshow=\"74020723\" data-elementor-lightbox-title=\"M\u00f3dulos\" href=\"https:\/\/ensa.com.mx\/wp-content\/uploads\/2020\/10\/Modulos.jpeg\"><figure class=\"swiper-slide-inner\"><img class=\"swiper-slide-image\" src=\"https:\/\/ensa.com.mx\/wp-content\/uploads\/2020\/10\/Modulos.jpeg\" alt=\"M\u00f3dulos\" \/><figcaption class=\"elementor-image-carousel-caption\">M\u00f3dulos<\/figcaption><\/figure><\/a><\/div><div class=\"swiper-slide\"><a data-elementor-open-lightbox=\"yes\" data-elementor-lightbox-slideshow=\"74020723\" data-elementor-lightbox-title=\"L\u00e1mparas\" href=\"https:\/\/ensa.com.mx\/wp-content\/uploads\/2020\/10\/Lamparas.jpeg\"><figure class=\"swiper-slide-inner\"><img class=\"swiper-slide-image\" src=\"https:\/\/ensa.com.mx\/wp-content\/uploads\/2020\/10\/Lamparas.jpeg\" alt=\"L\u00e1mparas\" \/><figcaption class=\"elementor-image-carousel-caption\">L\u00e1mparas<\/figcaption><\/figure><\/a><\/div><div class=\"swiper-slide\"><a data-elementor-open-lightbox=\"yes\" data-elementor-lightbox-slideshow=\"74020723\" data-elementor-lightbox-title=\"Hornos\" href=\"https:\/\/ensa.com.mx\/wp-content\/uploads\/2020\/10\/Hornos.jpeg\"><figure class=\"swiper-slide-inner\"><img class=\"swiper-slide-image\" src=\"https:\/\/ensa.com.mx\/wp-content\/uploads\/2020\/10\/Hornos.jpeg\" alt=\"Hornos\" \/><figcaption class=\"elementor-image-carousel-caption\">Hornos<\/figcaption><\/figure><\/a><\/div><div class=\"swiper-slide\"><a data-elementor-open-lightbox=\"yes\" data-elementor-lightbox-slideshow=\"74020723\" data-elementor-lightbox-title=\"Galels\" href=\"https:\/\/ensa.com.mx\/wp-content\/uploads\/2020\/10\/Galels.jpeg\"><figure class=\"swiper-slide-inner\"><img class=\"swiper-slide-image\" src=\"https:\/\/ensa.com.mx\/wp-content\/uploads\/2020\/10\/Galels.jpeg\" alt=\"Galels\" \/><figcaption class=\"elementor-image-carousel-caption\">Galels<\/figcaption><\/figure><\/a><\/div><div class=\"swiper-slide\"><a data-elementor-open-lightbox=\"yes\" data-elementor-lightbox-slideshow=\"74020723\" data-elementor-lightbox-title=\"Fundiciones\" href=\"https:\/\/ensa.com.mx\/wp-content\/uploads\/2020\/10\/Fundiciones.jpeg\"><figure class=\"swiper-slide-inner\"><img class=\"swiper-slide-image\" src=\"https:\/\/ensa.com.mx\/wp-content\/uploads\/2020\/10\/Fundiciones.jpeg\" alt=\"Fundiciones\" \/><figcaption class=\"elementor-image-carousel-caption\">Fundiciones<\/figcaption><\/figure><\/a><\/div><div class=\"swiper-slide\"><a data-elementor-open-lightbox=\"yes\" data-elementor-lightbox-slideshow=\"74020723\" data-elementor-lightbox-title=\"Cartuchos\" href=\"https:\/\/ensa.com.mx\/wp-content\/uploads\/2020\/10\/Cartuchos.jpeg\"><figure class=\"swiper-slide-inner\"><img class=\"swiper-slide-image\" src=\"https:\/\/ensa.com.mx\/wp-content\/uploads\/2020\/10\/Cartuchos.jpeg\" alt=\"Cartuchos\" \/><figcaption class=\"elementor-image-carousel-caption\">Cartuchos<\/figcaption><\/figure><\/a><\/div><div class=\"swiper-slide\"><a data-elementor-open-lightbox=\"yes\" data-elementor-lightbox-slideshow=\"74020723\" data-elementor-lightbox-title=\"Electrot\u00e9rmica Nacional\" href=\"https:\/\/ensa.com.mx\/wp-content\/uploads\/2020\/10\/Tamas.jpeg\"><figure class=\"swiper-slide-inner\"><img class=\"swiper-slide-image\" src=\"https:\/\/ensa.com.mx\/wp-content\/uploads\/2020\/10\/Tamas.jpeg\" alt=\"Electrot\u00e9rmica Nacional\" \/><figcaption class=\"elementor-image-carousel-caption\">Electrot\u00e9rmica Nacional<\/figcaption><\/figure><\/a><\/div>\t\t\t<\/div>\n\t\t\t\t\t\t\t\t\t\t\t\t<div class=\"swiper-pagination\"><\/div>\n\t\t\t\t\t\t\t\t\t\t\t\t\t<div class=\"elementor-swiper-button elementor-swiper-button-prev\">\n\t\t\t\t\t\t<i class=\"eicon-chevron-left\" aria-hidden=\"true\"><\/i>\n\t\t\t\t\t\t<span class=\"elementor-screen-only\">Anterior<\/span>\n\t\t\t\t\t<\/div>\n\t\t\t\t\t<div class=\"elementor-swiper-button elementor-swiper-button-next\">\n\t\t\t\t\t\t<i class=\"eicon-chevron-right\" aria-hidden=\"true\"><\/i>\n\t\t\t\t\t\t<span class=\"elementor-screen-only\">Siguiente<\/span>\n\t\t\t\t\t<\/div>\n\t\t\t\t\t\t\t\t\t<\/div>\n\t\t\t\t<\/div>\n\t\t\t\t<\/div>\n\t\t\t\t\t\t<\/div>\n\t\t\t\t\t<\/div>\n\t\t<\/div>\n\t\t\t\t<div class=\"elementor-column elementor-col-33 elementor-top-column elementor-element elementor-element-55902914\" data-id=\"55902914\" data-element_type=\"column\">\n\t\t\t<div class=\"elementor-column-wrap\">\n\t\t\t\t\t\t\t<div class=\"elementor-widget-wrap\">\n\t\t\t\t\t\t\t\t<\/div>\n\t\t\t\t\t<\/div>\n\t\t<\/div>\n\t\t\t\t<div class=\"elementor-column elementor-col-33 elementor-top-column elementor-element elementor-element-4c1fa96d\" data-id=\"4c1fa96d\" data-element_type=\"column\">\n\t\t\t<div class=\"elementor-column-wrap elementor-element-populated\">\n\t\t\t\t\t\t\t<div class=\"elementor-widget-wrap\">\n\t\t\t\t\t\t<div class=\"elementor-element elementor-element-74b827c9 elementor-widget elementor-widget-text-editor\" data-id=\"74b827c9\" data-element_type=\"widget\" data-widget_type=\"text-editor.default\">\n\t\t\t\t<div class=\"elementor-widget-container\">\n\t\t\t\t\t\t\t\t<div class=\"elementor-text-editor elementor-clearfix\">\n\t\t\t\t\t<p><span style=\"color: #000000;\">Adem\u00e1s de la maquinaria de uso general, como tornos, fresadoras, rectificadoras, cepillos, taladros, cortadoras, dobladoras, roladoras, soldadoras el\u00e9ctricas y de oxi-acetileno, contamos con todo el equipo moderno y especializado de nuestro ramo.<\/span><\/p>\t\t\t\t\t<\/div>\n\t\t\t\t\t\t<\/div>\n\t\t\t\t<\/div>\n\t\t\t\t\t\t<\/div>\n\t\t\t\t\t<\/div>\n\t\t<\/div>\n\t\t\t\t\t\t\t\t<\/div>\n\t\t\t\t\t<\/div>\n\t\t<\/section>\n\t\t\t\t<section class=\"elementor-section elementor-top-section elementor-element elementor-element-c0fb550 elementor-section-boxed elementor-section-height-default elementor-section-height-default\" data-id=\"c0fb550\" data-element_type=\"section\">\n\t\t\t\t\t\t<div class=\"elementor-container elementor-column-gap-default\">\n\t\t\t\t\t\t\t<div class=\"elementor-row\">\n\t\t\t\t\t<div class=\"elementor-column elementor-col-33 elementor-top-column elementor-element elementor-element-3caeb3e\" data-id=\"3caeb3e\" data-element_type=\"column\">\n\t\t\t<div class=\"elementor-column-wrap elementor-element-populated\">\n\t\t\t\t\t\t\t<div class=\"elementor-widget-wrap\">\n\t\t\t\t\t\t<div class=\"elementor-element elementor-element-075fed6 elementor-widget elementor-widget-accordion\" data-id=\"075fed6\" data-element_type=\"widget\" data-widget_type=\"accordion.default\">\n\t\t\t\t<div class=\"elementor-widget-container\">\n\t\t\t\t\t<div class=\"elementor-accordion\" role=\"tablist\">\n\t\t\t\t\t\t\t<div class=\"elementor-accordion-item\">\n\t\t\t\t\t<div id=\"elementor-tab-title-7731\" class=\"elementor-tab-title\" data-tab=\"1\" role=\"tab\" aria-controls=\"elementor-tab-content-7731\" aria-expanded=\"false\">\n\t\t\t\t\t\t\t\t\t\t\t\t\t<span class=\"elementor-accordion-icon elementor-accordion-icon-left\" aria-hidden=\"true\">\n\t\t\t\t\t\t\t\t\t\t\t\t\t\t\t<span class=\"elementor-accordion-icon-closed\"><i class=\"fas fa-plus\"><\/i><\/span>\n\t\t\t\t\t\t\t\t<span class=\"elementor-accordion-icon-opened\"><i class=\"fas fa-minus\"><\/i><\/span>\n\t\t\t\t\t\t\t\t\t\t\t\t\t\t<\/span>\n\t\t\t\t\t\t\t\t\t\t\t\t<a class=\"elementor-accordion-title\" href=\"\">Equipo moderno<\/a>\n\t\t\t\t\t<\/div>\n\t\t\t\t\t<div id=\"elementor-tab-content-7731\" class=\"elementor-tab-content elementor-clearfix\" data-tab=\"1\" role=\"tabpanel\" aria-labelledby=\"elementor-tab-title-7731\"><ul><li><p><span style=\"color: #000000;\">Llenadoras de elementos tubulares, de doble forro, para centrar la bobina helicoidal con precisi\u00f3n en el tubo, y llenar el espacio libre en el tubo con polvo de \u00f3xido de magnesio, a la mayor densidad posible, mediante m\u00faltiples vibradores el\u00e9ctricos y neum\u00e1ticos<\/span><\/p><\/li><li><p><span style=\"color: #000000;\">Reductoras o compactadoras de los elementos tubulares llenados, para lograr la m\u00e1xima densidad recomendada del polvo de \u00f3xido de magnesio, optimizando su conductividad t\u00e9rmica<\/span><\/p><\/li><li><p><span style=\"color: #000000;\">Dobladoras especiales para los elementos tubulares compactados, para darles las diversas configuraciones requeridas sin causar p\u00e9rdida de aislamiento en las curvas<\/span><\/p><\/li><li><p><span style=\"color: #000000;\">Prensas hidr\u00e1ulicas y hornos de recocido para los calefactores tipo tira-pasta y disco-pasta<\/span><\/p><\/li><li><p><span style=\"color: #000000;\">Equipo de soldadura TIG con atm\u00f3sfera controlada de arg\u00f3n para evitar la contaminaci\u00f3n de las uniones<\/span><\/p><\/li><\/ul><\/div>\n\t\t\t\t<\/div>\n\t\t\t\t\t\t\t\t<\/div>\n\t\t\t\t<\/div>\n\t\t\t\t<\/div>\n\t\t\t\t\t\t<\/div>\n\t\t\t\t\t<\/div>\n\t\t<\/div>\n\t\t\t\t<div class=\"elementor-column elementor-col-33 elementor-top-column elementor-element elementor-element-4b97896\" data-id=\"4b97896\" data-element_type=\"column\">\n\t\t\t<div class=\"elementor-column-wrap\">\n\t\t\t\t\t\t\t<div class=\"elementor-widget-wrap\">\n\t\t\t\t\t\t\t\t<\/div>\n\t\t\t\t\t<\/div>\n\t\t<\/div>\n\t\t\t\t<div class=\"elementor-column elementor-col-33 elementor-top-column elementor-element elementor-element-feaecf1\" data-id=\"feaecf1\" data-element_type=\"column\">\n\t\t\t<div class=\"elementor-column-wrap elementor-element-populated\">\n\t\t\t\t\t\t\t<div class=\"elementor-widget-wrap\">\n\t\t\t\t\t\t<div class=\"elementor-element elementor-element-1b7fd38 elementor-widget elementor-widget-image\" data-id=\"1b7fd38\" data-element_type=\"widget\" data-widget_type=\"image.default\">\n\t\t\t\t<div class=\"elementor-widget-container\">\n\t\t\t\t\t\t\t\t<div class=\"elementor-image\">\n\t\t\t\t\t\t\t\t\t\t\t\t<img width=\"847\" height=\"453\" src=\"https:\/\/ensa.com.mx\/wp-content\/uploads\/2015\/01\/1_Taller-copy1-1024x548.jpg\" class=\"attachment-large size-large\" alt=\"\" loading=\"lazy\" srcset=\"https:\/\/ensa.com.mx\/wp-content\/uploads\/2015\/01\/1_Taller-copy1-1024x548.jpg 1024w, https:\/\/ensa.com.mx\/wp-content\/uploads\/2015\/01\/1_Taller-copy1-300x161.jpg 300w, https:\/\/ensa.com.mx\/wp-content\/uploads\/2015\/01\/1_Taller-copy1.jpg 1505w\" sizes=\"(max-width: 847px) 100vw, 847px\" \/>\t\t\t\t\t\t\t\t\t\t\t\t\t\t<\/div>\n\t\t\t\t\t\t<\/div>\n\t\t\t\t<\/div>\n\t\t\t\t<div class=\"elementor-element elementor-element-b667cfa elementor-widget elementor-widget-accordion\" data-id=\"b667cfa\" data-element_type=\"widget\" data-widget_type=\"accordion.default\">\n\t\t\t\t<div class=\"elementor-widget-container\">\n\t\t\t\t\t<div class=\"elementor-accordion\" role=\"tablist\">\n\t\t\t\t\t\t\t<div class=\"elementor-accordion-item\">\n\t\t\t\t\t<div id=\"elementor-tab-title-1911\" class=\"elementor-tab-title\" data-tab=\"1\" role=\"tab\" aria-controls=\"elementor-tab-content-1911\" aria-expanded=\"false\">\n\t\t\t\t\t\t\t\t\t\t\t\t\t<span class=\"elementor-accordion-icon elementor-accordion-icon-left\" aria-hidden=\"true\">\n\t\t\t\t\t\t\t\t\t\t\t\t\t\t\t<span class=\"elementor-accordion-icon-closed\"><i class=\"fas fa-plus\"><\/i><\/span>\n\t\t\t\t\t\t\t\t<span class=\"elementor-accordion-icon-opened\"><i class=\"fas fa-minus\"><\/i><\/span>\n\t\t\t\t\t\t\t\t\t\t\t\t\t\t<\/span>\n\t\t\t\t\t\t\t\t\t\t\t\t<a class=\"elementor-accordion-title\" href=\"\">M\u00e1s:<\/a>\n\t\t\t\t\t<\/div>\n\t\t\t\t\t<div id=\"elementor-tab-content-1911\" class=\"elementor-tab-content elementor-clearfix\" data-tab=\"1\" role=\"tabpanel\" aria-labelledby=\"elementor-tab-title-1911\"><p>M\u00c1S:<\/p><ul><li><p><a title=\"Dise\u00f1o del producto\/sistema\" href=\"http:\/\/ensa.com.mx\/?page_id=463\">DISE\u00d1O DEL PRODUCTO Y\/O DEL SISTEMA<\/a><\/p><\/li><li><p><a title=\"C\u00e1lculo el\u00e9ctrico de los elementos resistivos\" href=\"http:\/\/ensa.com.mx\/?page_id=466\">C\u00c1LCULO EL\u00c9CTRICO DE LOS ELEMENTOS RESISTIVOS<\/a><\/p><\/li><li><p><a title=\"T\u00e9cnicos y operadores\" href=\"http:\/\/ensa.com.mx\/?page_id=468\">T\u00c9CNICOS Y OPERADORES<\/a><\/p><\/li><li><p><a title=\"Materia prima\" href=\"http:\/\/ensa.com.mx\/?page_id=470\">MATERIA PRIMA<\/a><\/p><\/li><li><p><a title=\"Maquinaria y equipo\" href=\"http:\/\/ensa.com.mx\/?page_id=472\">MAQUINARIA Y EQUIPO<\/a><\/p><\/li><li><p><a href=\"http:\/\/ensa.com.mx\/?page_id=474\">CALIDAD Y SERVICIO\u00a0<\/a><\/p><\/li><\/ul><\/div>\n\t\t\t\t<\/div>\n\t\t\t\t\t\t\t\t<\/div>\n\t\t\t\t<\/div>\n\t\t\t\t<\/div>\n\t\t\t\t\t\t<\/div>\n\t\t\t\t\t<\/div>\n\t\t<\/div>\n\t\t\t\t\t\t\t\t<\/div>\n\t\t\t\t\t<\/div>\n\t\t<\/section>\n\t\t\t\t<section class=\"elementor-section elementor-top-section elementor-element elementor-element-312d9baa elementor-section-boxed elementor-section-height-default elementor-section-height-default\" data-id=\"312d9baa\" data-element_type=\"section\">\n\t\t\t\t\t\t<div class=\"elementor-container elementor-column-gap-default\">\n\t\t\t\t\t\t\t<div class=\"elementor-row\">\n\t\t\t\t\t<div class=\"elementor-column elementor-col-33 elementor-top-column elementor-element elementor-element-58548564\" data-id=\"58548564\" data-element_type=\"column\">\n\t\t\t<div class=\"elementor-column-wrap elementor-element-populated\">\n\t\t\t\t\t\t\t<div class=\"elementor-widget-wrap\">\n\t\t\t\t\t\t<div class=\"elementor-element elementor-element-7235f6cd elementor-widget elementor-widget-spacer\" data-id=\"7235f6cd\" data-element_type=\"widget\" data-widget_type=\"spacer.default\">\n\t\t\t\t<div class=\"elementor-widget-container\">\n\t\t\t\t\t<div class=\"elementor-spacer\">\n\t\t\t<div class=\"elementor-spacer-inner\"><\/div>\n\t\t<\/div>\n\t\t\t\t<\/div>\n\t\t\t\t<\/div>\n\t\t\t\t<div class=\"elementor-element elementor-element-718482ec elementor-widget elementor-widget-google_maps\" data-id=\"718482ec\" data-element_type=\"widget\" data-widget_type=\"google_maps.default\">\n\t\t\t\t<div class=\"elementor-widget-container\">\n\t\t\t\t\t<div class=\"elementor-custom-embed\">\n\t\t\t<iframe frameborder=\"0\" scrolling=\"no\" marginheight=\"0\" marginwidth=\"0\" src=\"https:\/\/maps.google.com\/maps?q=Juan%20N.%20Mirafuentes%2044%2C%20Barrio%20de%20los%20Reyes%2C%20Ciudad%20de%20M%C3%A9xico%2C%20CDMX%2C%20M%C3%A9xico&amp;t=m&amp;z=10&amp;output=embed&amp;iwloc=near\" title=\"%3$s\" aria-label=\"%3$s\"><\/iframe>\n\t\t<\/div>\n\t\t\t\t<\/div>\n\t\t\t\t<\/div>\n\t\t\t\t\t\t<\/div>\n\t\t\t\t\t<\/div>\n\t\t<\/div>\n\t\t\t\t<div class=\"elementor-column elementor-col-33 elementor-top-column elementor-element elementor-element-3313f521\" data-id=\"3313f521\" data-element_type=\"column\">\n\t\t\t<div class=\"elementor-column-wrap\">\n\t\t\t\t\t\t\t<div class=\"elementor-widget-wrap\">\n\t\t\t\t\t\t\t\t<\/div>\n\t\t\t\t\t<\/div>\n\t\t<\/div>\n\t\t\t\t<div class=\"elementor-column elementor-col-33 elementor-top-column elementor-element elementor-element-3508f615\" data-id=\"3508f615\" data-element_type=\"column\">\n\t\t\t<div class=\"elementor-column-wrap elementor-element-populated\">\n\t\t\t\t\t\t\t<div class=\"elementor-widget-wrap\">\n\t\t\t\t\t\t<div class=\"elementor-element elementor-element-615376b5 elementor-grid-4 elementor-shape-rounded e-grid-align-center elementor-widget elementor-widget-social-icons\" data-id=\"615376b5\" data-element_type=\"widget\" data-widget_type=\"social-icons.default\">\n\t\t\t\t<div class=\"elementor-widget-container\">\n\t\t\t\t\t<div class=\"elementor-social-icons-wrapper elementor-grid\">\n\t\t\t\t\t\t\t<span class=\"elementor-grid-item\">\n\t\t\t\t\t<a class=\"elementor-icon elementor-social-icon elementor-social-icon-facebook elementor-repeater-item-3d2592a\" href=\"https:\/\/www.facebook.com\/electrotermicanacional\/\" target=\"_blank\">\n\t\t\t\t\t\t<span class=\"elementor-screen-only\">Facebook<\/span>\n\t\t\t\t\t\t<i class=\"fab fa-facebook\"><\/i>\t\t\t\t\t<\/a>\n\t\t\t\t<\/span>\n\t\t\t\t\t\t\t<span class=\"elementor-grid-item\">\n\t\t\t\t\t<a class=\"elementor-icon elementor-social-icon elementor-social-icon-envelope elementor-repeater-item-d18f543\" href=\"mailto:www@ensa.com.mx\" target=\"_blank\">\n\t\t\t\t\t\t<span class=\"elementor-screen-only\">Envelope<\/span>\n\t\t\t\t\t\t<i class=\"fas fa-envelope\"><\/i>\t\t\t\t\t<\/a>\n\t\t\t\t<\/span>\n\t\t\t\t\t\t\t<span class=\"elementor-grid-item\">\n\t\t\t\t\t<a class=\"elementor-icon elementor-social-icon elementor-social-icon-phone elementor-repeater-item-b716629\" href=\"http:\/\/5555906566\" target=\"_blank\">\n\t\t\t\t\t\t<span class=\"elementor-screen-only\">Phone<\/span>\n\t\t\t\t\t\t<i class=\"fas fa-phone\"><\/i>\t\t\t\t\t<\/a>\n\t\t\t\t<\/span>\n\t\t\t\t\t<\/div>\n\t\t\t\t<\/div>\n\t\t\t\t<\/div>\n\t\t\t\t<div class=\"elementor-element elementor-element-146d377a elementor-aspect-ratio-169 elementor-widget elementor-widget-video\" data-id=\"146d377a\" data-element_type=\"widget\" data-settings=\"{&quot;youtube_url&quot;:&quot;https:\\\/\\\/youtu.be\\\/FU8EnRRf_r0&quot;,&quot;video_type&quot;:&quot;youtube&quot;,&quot;controls&quot;:&quot;yes&quot;,&quot;aspect_ratio&quot;:&quot;169&quot;}\" data-widget_type=\"video.default\">\n\t\t\t\t<div class=\"elementor-widget-container\">\n\t\t\t\t\t<div class=\"elementor-wrapper elementor-fit-aspect-ratio elementor-open-inline\">\n\t\t\t<div class=\"elementor-video\"><\/div>\t\t<\/div>\n\t\t\t\t<\/div>\n\t\t\t\t<\/div>\n\t\t\t\t<div class=\"elementor-element elementor-element-33078643 elementor-widget elementor-widget-text-editor\" data-id=\"33078643\" data-element_type=\"widget\" data-widget_type=\"text-editor.default\">\n\t\t\t\t<div class=\"elementor-widget-container\">\n\t\t\t\t\t\t\t\t<div class=\"elementor-text-editor elementor-clearfix\">\n\t\t\t\t\t<div class=\"col\" style=\"text-align: center;\"><span style=\"color: #000000;\"><strong><span class=\"header-phone\">Llama al (+52)<\/span><\/strong><b>55-7045-0327<\/b><\/span><\/div>\t\t\t\t\t<\/div>\n\t\t\t\t\t\t<\/div>\n\t\t\t\t<\/div>\n\t\t\t\t\t\t<\/div>\n\t\t\t\t\t<\/div>\n\t\t<\/div>\n\t\t\t\t\t\t\t\t<\/div>\n\t\t\t\t\t<\/div>\n\t\t<\/section>\n\t\t\t\t\t\t<\/div>\n\t\t\t\t\t\t<\/div>\n\t\t\t\t\t<\/div>\n\t\t","protected":false},"excerpt":{"rendered":"<p>Bandas Bancos Calor el\u00e9ctrico Unidades Traza Transductores Precalentadores M\u00f3dulos L\u00e1mparas Hornos Galels Fundiciones Cartuchos Electrot\u00e9rmica Nacional Anterior Siguiente Adem\u00e1s de &hellip; <\/p>\n","protected":false},"author":1,"featured_media":0,"parent":373,"menu_order":0,"comment_status":"closed","ping_status":"closed","template":"","meta":[],"_links":{"self":[{"href":"https:\/\/ensa.com.mx\/index.php?rest_route=\/wp\/v2\/pages\/472"}],"collection":[{"href":"https:\/\/ensa.com.mx\/index.php?rest_route=\/wp\/v2\/pages"}],"about":[{"href":"https:\/\/ensa.com.mx\/index.php?rest_route=\/wp\/v2\/types\/page"}],"author":[{"embeddable":true,"href":"https:\/\/ensa.com.mx\/index.php?rest_route=\/wp\/v2\/users\/1"}],"replies":[{"embeddable":true,"href":"https:\/\/ensa.com.mx\/index.php?rest_route=%2Fwp%2Fv2%2Fcomments&post=472"}],"version-history":[{"count":31,"href":"https:\/\/ensa.com.mx\/index.php?rest_route=\/wp\/v2\/pages\/472\/revisions"}],"predecessor-version":[{"id":2447,"href":"https:\/\/ensa.com.mx\/index.php?rest_route=\/wp\/v2\/pages\/472\/revisions\/2447"}],"up":[{"embeddable":true,"href":"https:\/\/ensa.com.mx\/index.php?rest_route=\/wp\/v2\/pages\/373"}],"wp:attachment":[{"href":"https:\/\/ensa.com.mx\/index.php?rest_route=%2Fwp%2Fv2%2Fmedia&parent=472"}],"curies":[{"name":"wp","href":"https:\/\/api.w.org\/{rel}","templated":true}]}}